{"id":497,"date":"2026-02-27T19:32:53","date_gmt":"2026-02-27T19:32:53","guid":{"rendered":"https:\/\/wannseekiez.de\/?page_id=497"},"modified":"2026-02-28T20:00:49","modified_gmt":"2026-02-28T20:00:49","slug":"jetzt-spenden","status":"publish","type":"page","link":"https:\/\/wannseekiez.de\/?page_id=497","title":{"rendered":"Jetzt Spenden"},"content":{"rendered":"\n<p>Der Wannsee Kiez setzt sich f\u00fcr ein lebendiges, vernetztes und engagiertes Miteinander in Wannsee ein. Wir initiieren Projekte, unterst\u00fctzen lokale Veranstaltungen und schaffen eine Plattform.<\/p>\n\n\n\n<p>Damit diese Arbeit m\u00f6glich ist, sind wir auf Unterst\u00fctzung angewiesen. Dies kann in Form einer F\u00f6rdermitgliedschaft geschehen oder mit einer individuellen Spende. Jeder Beitrag \u2013 ob gro\u00df oder klein \u2013 st\u00e4rkt die Gemeinschaft.<\/p>\n\n\n\n<div style=\"height:56px\" aria-hidden=\"true\" class=\"wp-block-spacer\"><\/div>\n\n\n\n<h4 class=\"wp-block-heading\">So kannst du spenden<\/h4>\n\n\n\n<div style=\"height:19px\" aria-hidden=\"true\" class=\"wp-block-spacer\"><\/div>\n\n\n\n<p><strong>\u00dcberweisung<\/strong><\/p>\n\n\n\n<p>Spenden sind aktuell per Bank\u00fcberweisung m\u00f6glich:<\/p>\n\n\n\n<p>Kontoinhaber: Wannsee Kiez Verein in Gr\u00fcndung<br>IBAN: DE46430609671380516600<br>Bank: GLS Bank<br>Verwendungszweck: Spende + ggf. Adresse f\u00fcr Spendenbescheinigung<\/p>\n\n\n\n<p>Bitte gib im Verwendungszweck deine vollst\u00e4ndige Adresse an, wenn du eine Spendenbescheinigung erhalten m\u00f6chtest.<\/p>\n\n\n\n<div style=\"height:19px\" aria-hidden=\"true\" class=\"wp-block-spacer\"><\/div>\n\n\n\n<p><strong>PayPal<\/strong><\/p>\n\n\n\n<p>Eine Spendenm\u00f6glichkeit via PayPal befindet sich derzeit in Vorbereitung und wird in K\u00fcrze erg\u00e4nzt.<\/p>\n\n\n\n<div style=\"height:19px\" aria-hidden=\"true\" class=\"wp-block-spacer\"><\/div>\n\n\n\n<p><strong>Spendenbescheinigung<\/strong><\/p>\n\n\n\n<p>Als gemeinn\u00fctziger Verein stellen wir dir selbstverst\u00e4ndlich eine Zuwendungsbest\u00e4tigung (Spendenbescheinigung) aus. F\u00fcr Spenden bis 300 \u20ac gen\u00fcgt in der Regel der Kontoauszug als Nachweis beim Finanzamt.<\/p>\n\n\n\n<div style=\"height:19px\" aria-hidden=\"true\" class=\"wp-block-spacer\"><\/div>\n","protected":false},"excerpt":{"rendered":"<p>Der Wannsee Kiez setzt sich f\u00fcr ein lebendiges, vernetztes und engagiertes Miteinander in Wannsee ein. Wir initiieren Projekte, unterst\u00fctzen lokale Veranstaltungen und schaffen eine Plattform. Damit diese Arbeit m\u00f6glich ist, sind wir auf Unterst\u00fctzung angewiesen. Dies kann in Form einer F\u00f6rdermitgliedschaft geschehen oder mit einer individuellen Spende. Jeder Beitrag \u2013 [&hellip;]<\/p>\n","protected":false},"author":2,"featured_media":0,"parent":0,"menu_order":0,"comment_status":"closed","ping_status":"closed","template":"","meta":{"_themeisle_gutenberg_block_has_review":false,"footnotes":""},"class_list":["post-497","page","type-page","status-publish","hentry"],"_links":{"self":[{"href":"https:\/\/wannseekiez.de\/index.php?rest_route=\/wp\/v2\/pages\/497","targetHints":{"allow":["GET"]}}],"collection":[{"href":"https:\/\/wannseekiez.de\/index.php?rest_route=\/wp\/v2\/pages"}],"about":[{"href":"https:\/\/wannseekiez.de\/index.php?rest_route=\/wp\/v2\/types\/page"}],"author":[{"embeddable":true,"href":"https:\/\/wannseekiez.de\/index.php?rest_route=\/wp\/v2\/users\/2"}],"replies":[{"embeddable":true,"href":"https:\/\/wannseekiez.de\/index.php?rest_route=%2Fwp%2Fv2%2Fcomments&post=497"}],"version-history":[{"count":7,"href":"https:\/\/wannseekiez.de\/index.php?rest_route=\/wp\/v2\/pages\/497\/revisions"}],"predecessor-version":[{"id":550,"href":"https:\/\/wannseekiez.de\/index.php?rest_route=\/wp\/v2\/pages\/497\/revisions\/550"}],"wp:attachment":[{"href":"https:\/\/wannseekiez.de\/index.php?rest_route=%2Fwp%2Fv2%2Fmedia&parent=497"}],"curies":[{"name":"wp","href":"https:\/\/api.w.org\/{rel}","templated":true}]}}