{"id":469,"date":"2026-02-22T19:07:38","date_gmt":"2026-02-22T19:07:38","guid":{"rendered":"https:\/\/wannseekiez.de\/?page_id=469"},"modified":"2026-02-27T19:29:34","modified_gmt":"2026-02-27T19:29:34","slug":"hausgemacht-bei-themen-lunch","status":"publish","type":"page","link":"https:\/\/wannseekiez.de\/?page_id=469","title":{"rendered":"Hausgemacht bei &amp; Themen Lunch"},"content":{"rendered":"\n<div style=\"height:47px\" aria-hidden=\"true\" class=\"wp-block-spacer\"><\/div>\n\n\n\n<h2 class=\"wp-block-heading\">Hausgemacht bei \u2026<\/h2>\n\n\n\n<p>Bereits seit Anfang 2025 findet das Format regelm\u00e4\u00dfig statt. Dabei l\u00e4dt der Wannsee HUB in Kooperation mit Firmen und Privatpersonen zum gemeinsamen Mittagessen ein. So gab es bereits K\u00fcrbissuppe im \u00e4ltesten Haus von Wannsee, leckere Pasta bei der Drehb\u00fchne und anderes in Privathaushalten, Ateliers und Gesch\u00e4ften wie Buch in Wannsee.<\/p>\n\n\n\n<p>Dabei steht das Zusammenkommen von verschiedenen und neuen Personen im Vordergrund. Wir erfahren alle gemeinsam Neues von den Orten oder Personen, die uns willkommen hei\u00dfen, genauso wie von den anderen am Tisch. Die einen lauschen den Gespr\u00e4chen, freuen sich mal nicht zu reden und genie\u00dfen ihre Mittagspause &#8211; die anderen bl\u00fchen unter Menschen auf und teilen ihre Erfahrungen, Erkenntnisse und Geschichten.<\/p>\n\n\n\n<p>Als Verein unterst\u00fctzen wir hier mit unserem Netzwerk, neue Firmen und Personen, die einladen und bek\u00f6stigen, werden immer wieder gesucht.<\/p>\n\n\n\n<div style=\"height:47px\" aria-hidden=\"true\" class=\"wp-block-spacer\"><\/div>\n\n\n\n<h2 class=\"wp-block-heading\">Themen Lunch<\/h2>\n\n\n\n<p>Im Jahr 2026 kam ein neues Format dazu. Organisiert und arrangiert vom Wannsee HUB gibt es einmal im Monat einen Vortrag zu einem ausgew\u00e4hlten Thema. Da man mittags nat\u00fcrlich auch eine warme Mahlzeit braucht, gibt es nach einem 20 bis 30 min\u00fctigen Vortrag ein gemeinsames Mittagessen, um das Geh\u00f6rte und noch viele andere Themen in einer gemeinsamen Diskussion zu vertiefen.<\/p>\n\n\n\n<p>Die ersten Themen zeigten schon die Bandbreite, die abgedeckt werden kann &#8211; f\u00fcr alle ist was dabei! Sanierung in Wannsee, KI in der Brustkrebserkennung und Elektromobilit\u00e4t &#8211; vorgetragen von Spezialist*innen!<\/p>\n\n\n\n<p>Als Verein unterst\u00fctzen wir beim Ausbau des Netzwerks und wollen dazu beitragen, dass dieses Format langfristig so erfolgreich bleibt, wie es sich am Anfang gezeigt hat.<\/p>\n\n\n\n<div style=\"height:47px\" aria-hidden=\"true\" class=\"wp-block-spacer\"><\/div>\n","protected":false},"excerpt":{"rendered":"<p>Hausgemacht bei \u2026 Bereits seit Anfang 2025 findet das Format regelm\u00e4\u00dfig statt. Dabei l\u00e4dt der Wannsee HUB in Kooperation mit Firmen und Privatpersonen zum gemeinsamen Mittagessen ein. So gab es bereits K\u00fcrbissuppe im \u00e4ltesten Haus von Wannsee, leckere Pasta bei der Drehb\u00fchne und anderes in Privathaushalten, Ateliers und Gesch\u00e4ften wie [&hellip;]<\/p>\n","protected":false},"author":2,"featured_media":0,"parent":0,"menu_order":0,"comment_status":"closed","ping_status":"closed","template":"","meta":{"_themeisle_gutenberg_block_has_review":false,"footnotes":""},"class_list":["post-469","page","type-page","status-publish","hentry"],"_links":{"self":[{"href":"https:\/\/wannseekiez.de\/index.php?rest_route=\/wp\/v2\/pages\/469","targetHints":{"allow":["GET"]}}],"collection":[{"href":"https:\/\/wannseekiez.de\/index.php?rest_route=\/wp\/v2\/pages"}],"about":[{"href":"https:\/\/wannseekiez.de\/index.php?rest_route=\/wp\/v2\/types\/page"}],"author":[{"embeddable":true,"href":"https:\/\/wannseekiez.de\/index.php?rest_route=\/wp\/v2\/users\/2"}],"replies":[{"embeddable":true,"href":"https:\/\/wannseekiez.de\/index.php?rest_route=%2Fwp%2Fv2%2Fcomments&post=469"}],"version-history":[{"count":4,"href":"https:\/\/wannseekiez.de\/index.php?rest_route=\/wp\/v2\/pages\/469\/revisions"}],"predecessor-version":[{"id":495,"href":"https:\/\/wannseekiez.de\/index.php?rest_route=\/wp\/v2\/pages\/469\/revisions\/495"}],"wp:attachment":[{"href":"https:\/\/wannseekiez.de\/index.php?rest_route=%2Fwp%2Fv2%2Fmedia&parent=469"}],"curies":[{"name":"wp","href":"https:\/\/api.w.org\/{rel}","templated":true}]}}