{"id":324,"date":"2026-02-04T19:00:07","date_gmt":"2026-02-04T19:00:07","guid":{"rendered":"https:\/\/wannseekiez.de\/?page_id=324"},"modified":"2026-03-01T18:37:41","modified_gmt":"2026-03-01T18:37:41","slug":"mitgliedschaftsantrag","status":"publish","type":"page","link":"https:\/\/wannseekiez.de\/?page_id=324","title":{"rendered":"F\u00f6rdermitglied werden"},"content":{"rendered":"\n<h1 class=\"wp-block-heading\">Kiez st\u00e4rken &amp; Zukunft gestalten<\/h1>\n\n\n\n<p>Ein lebendiger Kiez entsteht nicht von selbst. Er braucht Menschen, die Verantwortung \u00fcbernehmen \u2013 mit Ideen, Zeit oder finanzieller Unterst\u00fctzung.<\/p>\n\n\n\n<p>Als F\u00f6rdermitglied erm\u00f6glichst du Projekte, Initiativen und Begegnungen in Wannsee.<\/p>\n\n\n\n<p><strong>Dein Jahresbeitrag von 50\u20ac schafft konkrete Wirkung vor Ort.<\/strong><\/p>\n\n\n\n<p>Bitte f\u00fclle das folgende Formular aus, um F\u00f6rdermitglied zu werden.<\/p>\n\n\n\n<iframe src=\"https:\/\/easyverein.com\/public\/Wannsee\/applicationform\/21042?iframe=True\" style=\"width: 100%; min-height: 800px;\"><\/iframe><br><small><a href=\"https:\/\/easyverein.com\" title=\"Vereinsverwaltungssoftware easyVerein\">Vereinsverwaltung von easyVerein<\/a><\/small>\n","protected":false},"excerpt":{"rendered":"<p>Kiez st\u00e4rken &amp; Zukunft gestalten Ein lebendiger Kiez entsteht nicht von selbst. Er braucht Menschen, die Verantwortung \u00fcbernehmen \u2013 mit Ideen, Zeit oder finanzieller Unterst\u00fctzung. Als F\u00f6rdermitglied erm\u00f6glichst du Projekte, Initiativen und Begegnungen in Wannsee. Dein Jahresbeitrag von 50\u20ac schafft konkrete Wirkung vor Ort. Bitte f\u00fclle das folgende Formular aus, [&hellip;]<\/p>\n","protected":false},"author":2,"featured_media":0,"parent":0,"menu_order":0,"comment_status":"closed","ping_status":"closed","template":"","meta":{"_themeisle_gutenberg_block_has_review":false,"footnotes":""},"class_list":["post-324","page","type-page","status-publish","hentry"],"_links":{"self":[{"href":"https:\/\/wannseekiez.de\/index.php?rest_route=\/wp\/v2\/pages\/324","targetHints":{"allow":["GET"]}}],"collection":[{"href":"https:\/\/wannseekiez.de\/index.php?rest_route=\/wp\/v2\/pages"}],"about":[{"href":"https:\/\/wannseekiez.de\/index.php?rest_route=\/wp\/v2\/types\/page"}],"author":[{"embeddable":true,"href":"https:\/\/wannseekiez.de\/index.php?rest_route=\/wp\/v2\/users\/2"}],"replies":[{"embeddable":true,"href":"https:\/\/wannseekiez.de\/index.php?rest_route=%2Fwp%2Fv2%2Fcomments&post=324"}],"version-history":[{"count":7,"href":"https:\/\/wannseekiez.de\/index.php?rest_route=\/wp\/v2\/pages\/324\/revisions"}],"predecessor-version":[{"id":554,"href":"https:\/\/wannseekiez.de\/index.php?rest_route=\/wp\/v2\/pages\/324\/revisions\/554"}],"wp:attachment":[{"href":"https:\/\/wannseekiez.de\/index.php?rest_route=%2Fwp%2Fv2%2Fmedia&parent=324"}],"curies":[{"name":"wp","href":"https:\/\/api.w.org\/{rel}","templated":true}]}}