{"id":239,"date":"2026-02-04T12:43:56","date_gmt":"2026-02-04T12:43:56","guid":{"rendered":"https:\/\/wannseekiez.de\/?page_id=239"},"modified":"2026-02-27T19:27:11","modified_gmt":"2026-02-27T19:27:11","slug":"projekt-blaue-kuh","status":"publish","type":"page","link":"https:\/\/wannseekiez.de\/?page_id=239","title":{"rendered":"Die Blaue Kuh Reloaded"},"content":{"rendered":"<div class=\"wp-block-image\">\n<figure class=\"aligncenter size-full is-resized\"><img loading=\"lazy\" decoding=\"async\" width=\"1024\" height=\"1024\" src=\"https:\/\/wannseekiez.de\/wp-content\/uploads\/2026\/02\/Blaue-Kuh-Wannsee-Reloaded.png\" alt=\"\" class=\"wp-image-396\" style=\"width:446px;height:auto\" srcset=\"https:\/\/wannseekiez.de\/wp-content\/uploads\/2026\/02\/Blaue-Kuh-Wannsee-Reloaded.png 1024w, https:\/\/wannseekiez.de\/wp-content\/uploads\/2026\/02\/Blaue-Kuh-Wannsee-Reloaded-300x300.png 300w, https:\/\/wannseekiez.de\/wp-content\/uploads\/2026\/02\/Blaue-Kuh-Wannsee-Reloaded-150x150.png 150w, https:\/\/wannseekiez.de\/wp-content\/uploads\/2026\/02\/Blaue-Kuh-Wannsee-Reloaded-768x768.png 768w\" sizes=\"auto, (max-width: 1024px) 100vw, 1024px\" \/><\/figure>\n<\/div>\n\n\n<p>Es gab Zeiten in Wannsee, da stand eine blaue Kuh in der Alsenstra\u00dfe 41 im Vorgarten und blickte auf jeden der vom Wilhelmplatz kam und in die Alsenstra\u00dfe einkehrte. Sie gab einer kleinen Galerie und Bar ihren Namen und musste dann im Jahr 2004 weichen (f\u00fcr mehr Informationen gibt es <a href=\"https:\/\/www.morgenpost.de\/printarchiv\/bezirke\/article103631630\/Kiez-ohne-Blaue-Kuh.html\">hier<\/a> einen Artikel in der Berliner Morgenpost).<\/p>\n\n\n\n<p>Heute geht es darum, diese Bar wieder aufleben zu lassen. Sie soll an fr\u00fchere Zeiten ankn\u00fcpfen und zugleich ein Treffpunkt f\u00fcr neue Gesichter sein. Regelm\u00e4\u00dfig kommen hier Wannseer und Freunde zu gem\u00fctlichen Kneipenabenden zusammen \u2013 mit guter Musik, entspannter Stimmung und den besten Leuten. Ein Ort zum Wiedersehen, Kennenlernen und gemeinsamen Ausgehen direkt in Wannsee.<\/p>\n\n\n\n<p>Als Verein Wannsee Kiez unterst\u00fctzen wir das Projekt beim Erreichen der Ziele: einen festen Ort, eine blaue Kuh und alles, was ein Barabend braucht!<\/p>\n\n\n\n<p><\/p>\n","protected":false},"excerpt":{"rendered":"<p>Es gab Zeiten in Wannsee, da stand eine blaue Kuh in der Alsenstra\u00dfe 41 im Vorgarten und blickte auf jeden der vom Wilhelmplatz kam und in die Alsenstra\u00dfe einkehrte. Sie gab einer kleinen Galerie und Bar ihren Namen und musste dann im Jahr 2004 weichen (f\u00fcr mehr Informationen gibt es [&hellip;]<\/p>\n","protected":false},"author":2,"featured_media":0,"parent":0,"menu_order":0,"comment_status":"closed","ping_status":"closed","template":"","meta":{"_themeisle_gutenberg_block_has_review":false,"footnotes":""},"class_list":["post-239","page","type-page","status-publish","hentry"],"_links":{"self":[{"href":"https:\/\/wannseekiez.de\/index.php?rest_route=\/wp\/v2\/pages\/239","targetHints":{"allow":["GET"]}}],"collection":[{"href":"https:\/\/wannseekiez.de\/index.php?rest_route=\/wp\/v2\/pages"}],"about":[{"href":"https:\/\/wannseekiez.de\/index.php?rest_route=\/wp\/v2\/types\/page"}],"author":[{"embeddable":true,"href":"https:\/\/wannseekiez.de\/index.php?rest_route=\/wp\/v2\/users\/2"}],"replies":[{"embeddable":true,"href":"https:\/\/wannseekiez.de\/index.php?rest_route=%2Fwp%2Fv2%2Fcomments&post=239"}],"version-history":[{"count":6,"href":"https:\/\/wannseekiez.de\/index.php?rest_route=\/wp\/v2\/pages\/239\/revisions"}],"predecessor-version":[{"id":492,"href":"https:\/\/wannseekiez.de\/index.php?rest_route=\/wp\/v2\/pages\/239\/revisions\/492"}],"wp:attachment":[{"href":"https:\/\/wannseekiez.de\/index.php?rest_route=%2Fwp%2Fv2%2Fmedia&parent=239"}],"curies":[{"name":"wp","href":"https:\/\/api.w.org\/{rel}","templated":true}]}}